{"id":1092,"date":"2026-03-06T15:28:28","date_gmt":"2026-03-06T14:28:28","guid":{"rendered":"https:\/\/016school.bbsw-worms.de\/?post_type=product&#038;p=1092"},"modified":"2026-03-06T21:27:24","modified_gmt":"2026-03-06T20:27:24","slug":"buero-abo","status":"publish","type":"product","link":"https:\/\/016school.bbsw-worms.de\/?product=buero-abo","title":{"rendered":"B\u00fcro-Abo"},"content":{"rendered":"<ol>\n<li>Inhalt: Gro\u00dfe Gebinde (1kg-Beutel) von s\u00e4urearmen, massentauglichen R\u00f6stungen.<\/li>\n<\/ol>\n<p>Besonderheit: Kostenlose Lieferung im Stadtgebiet Worms ab 5kg<\/p>\n<p>Zielgruppe: F\u00fcr Gesch\u00e4ftskunden (B2B).<\/p>\n","protected":false},"excerpt":{"rendered":"<p>Inhalt: Gro\u00dfe Gebinde (1kg-Beutel) von s\u00e4urearmen, massentauglichen R\u00f6stungen. Besonderheit: Kostenlose Lieferung im Stadtgebiet Worms ab 5kg Zielgruppe: F\u00fcr Gesch\u00e4ftskunden (B2B).<\/p>\n","protected":false},"featured_media":565,"comment_status":"open","ping_status":"closed","template":"","meta":[],"product_brand":[],"product_cat":[37],"product_tag":[],"class_list":{"0":"post-1092","1":"product","2":"type-product","3":"status-publish","4":"has-post-thumbnail","6":"product_cat-abonnement","8":"first","9":"instock","10":"shipping-taxable","11":"purchasable","12":"product-type-simple"},"_links":{"self":[{"href":"https:\/\/016school.bbsw-worms.de\/index.php?rest_route=\/wp\/v2\/product\/1092","targetHints":{"allow":["GET"]}}],"collection":[{"href":"https:\/\/016school.bbsw-worms.de\/index.php?rest_route=\/wp\/v2\/product"}],"about":[{"href":"https:\/\/016school.bbsw-worms.de\/index.php?rest_route=\/wp\/v2\/types\/product"}],"replies":[{"embeddable":true,"href":"https:\/\/016school.bbsw-worms.de\/index.php?rest_route=%2Fwp%2Fv2%2Fcomments&post=1092"}],"wp:featuredmedia":[{"embeddable":true,"href":"https:\/\/016school.bbsw-worms.de\/index.php?rest_route=\/wp\/v2\/media\/565"}],"wp:attachment":[{"href":"https:\/\/016school.bbsw-worms.de\/index.php?rest_route=%2Fwp%2Fv2%2Fmedia&parent=1092"}],"wp:term":[{"taxonomy":"product_brand","embeddable":true,"href":"https:\/\/016school.bbsw-worms.de\/index.php?rest_route=%2Fwp%2Fv2%2Fproduct_brand&post=1092"},{"taxonomy":"product_cat","embeddable":true,"href":"https:\/\/016school.bbsw-worms.de\/index.php?rest_route=%2Fwp%2Fv2%2Fproduct_cat&post=1092"},{"taxonomy":"product_tag","embeddable":true,"href":"https:\/\/016school.bbsw-worms.de\/index.php?rest_route=%2Fwp%2Fv2%2Fproduct_tag&post=1092"}],"curies":[{"name":"wp","href":"https:\/\/api.w.org\/{rel}","templated":true}]}}