{"id":998,"date":"2026-03-06T13:25:12","date_gmt":"2026-03-06T12:25:12","guid":{"rendered":"https:\/\/016school.bbsw-worms.de\/?page_id=998"},"modified":"2026-03-06T16:30:59","modified_gmt":"2026-03-06T15:30:59","slug":"abo-service","status":"publish","type":"page","link":"https:\/\/016school.bbsw-worms.de\/?page_id=998","title":{"rendered":"Abo Service"},"content":{"rendered":"\t\t<div data-elementor-type=\"wp-page\" data-elementor-id=\"998\" class=\"elementor elementor-998\">\n\t\t\t\t<div class=\"elementor-element elementor-element-01a483f e-flex e-con-boxed e-con e-parent\" data-id=\"01a483f\" data-element_type=\"container\" data-e-type=\"container\">\n\t\t\t\t\t<div class=\"e-con-inner\">\n\t\t\t\t<div class=\"elementor-element elementor-element-ee1a7ed elementor-widget elementor-widget-image\" data-id=\"ee1a7ed\" data-element_type=\"widget\" data-e-type=\"widget\" data-widget_type=\"image.default\">\n\t\t\t\t\t\t\t\t\t\t\t\t\t\t\t<img fetchpriority=\"high\" decoding=\"async\" width=\"800\" height=\"554\" src=\"https:\/\/016school.bbsw-worms.de\/wp-content\/uploads\/2026\/01\/pexels-photo-4940744-1024x709.jpeg\" class=\"attachment-large size-large wp-image-271\" alt=\"\" srcset=\"https:\/\/016school.bbsw-worms.de\/wp-content\/uploads\/2026\/01\/pexels-photo-4940744-1024x709.jpeg 1024w, https:\/\/016school.bbsw-worms.de\/wp-content\/uploads\/2026\/01\/pexels-photo-4940744-300x208.jpeg 300w, https:\/\/016school.bbsw-worms.de\/wp-content\/uploads\/2026\/01\/pexels-photo-4940744-768x532.jpeg 768w, https:\/\/016school.bbsw-worms.de\/wp-content\/uploads\/2026\/01\/pexels-photo-4940744.jpeg 1300w\" sizes=\"(max-width: 800px) 100vw, 800px\" \/>\t\t\t\t\t\t\t\t\t\t\t\t\t\t\t<\/div>\n\t\t\t\t<div class=\"elementor-element elementor-element-e6c5392 elementor-widget elementor-widget-heading\" data-id=\"e6c5392\" data-element_type=\"widget\" data-e-type=\"widget\" data-widget_type=\"heading.default\">\n\t\t\t\t\t<h2 class=\"elementor-heading-title elementor-size-default\"> Nie wieder leere Tassen!\n<\/h2>\t\t\t\t<\/div>\n\t\t\t\t<div class=\"elementor-element elementor-element-e952c37 elementor-widget elementor-widget-heading\" data-id=\"e952c37\" data-element_type=\"widget\" data-e-type=\"widget\" data-widget_type=\"heading.default\">\n\t\t\t\t\t<h2 class=\"elementor-heading-title elementor-size-default\">Unser Kaffee-Abo:\n<\/h2>\t\t\t\t<\/div>\n\t\t<div class=\"elementor-element elementor-element-39c14f8 e-con-full e-flex e-con e-child\" data-id=\"39c14f8\" data-element_type=\"container\" data-e-type=\"container\" id=\"products\">\n\t\t\t\t<div class=\"elementor-element elementor-element-ec50ce0 hfe-content-align-left elementor-widget elementor-widget-hfe-woo-product-grid\" data-id=\"ec50ce0\" data-element_type=\"widget\" data-e-type=\"widget\" data-settings=\"{&quot;columns&quot;:&quot;3&quot;,&quot;columns_tablet&quot;:&quot;3&quot;,&quot;columns_mobile&quot;:&quot;1&quot;,&quot;content_alignment&quot;:&quot;left&quot;}\" data-widget_type=\"hfe-woo-product-grid.default\">\n\t\t\t\t<div class=\"elementor-widget-container\">\n\t\t\t\t\t\t\t<div class=\"hfe-woo-products-wrapper\">\n\t\t\t<div class=\"hfe-woo-products-grid\">\n\t\t\t\t\t\t<div class=\"hfe-product-item\">\n\t\t\t\t\t\t\t<div class=\"hfe-product-image\">\n\t\t\t\t\t<a href=\"https:\/\/016school.bbsw-worms.de\/?product=buero-abo\">\n\t\t\t\t\t\t<img decoding=\"async\" width=\"300\" height=\"300\" src=\"https:\/\/016school.bbsw-worms.de\/wp-content\/uploads\/2026\/02\/shopseranobakery-bread-bakery-delivery-5972714_1920.jpg\" class=\"attachment-woocommerce_thumbnail size-woocommerce_thumbnail\" alt=\"B\u00fcro-Abo\" \/>\t\t\t\t\t<\/a>\n\t\t\t\t<\/div>\n\t\t\t\n\t\t\t<div class=\"hfe-product-content\">\n\t\t\t\t\t\t\t\t\t<div class=\"hfe-product-category\">\n\t\t\t\t\t\tAbonnement\t\t\t\t\t<\/div>\n\t\t\t\t\n\t\t\t\t\t\t\t\t\t<div class=\"hfe-product-title\">\n\t\t\t\t\t\t<a href=\"https:\/\/016school.bbsw-worms.de\/?product=buero-abo\" class=\"hfe-loop-product__link\">\n\t\t\t\t\t\t\t<h2 class=\"woocommerce-loop-product__title\">B\u00fcro-Abo<\/h2>\t\t\t\t\t\t<\/a>\n\t\t\t\t\t<\/div>\n\t\t\t\t\n\t\t\t\t\t\t\t\t\t<div class=\"hfe-product-rating\">\n\t\t\t\t\t\t\t\t\t\t\t<\/div>\n\t\t\t\t\n\t\t\t\t\t\t\t\t\t<div class=\"hfe-product-price\">\n\t\t\t\t\t\t\n\t<span class=\"price\"><span class=\"woocommerce-Price-amount amount\"><bdi>18,00&nbsp;<span class=\"woocommerce-Price-currencySymbol\">&euro;<\/span><\/bdi><\/span><\/span>\n\t\t\t\t\t<\/div>\n\t\t\t\t\n\t\t\t\t\n\t\t\t\t\t\t\t\t\t<div class=\"hfe-product-add-to-cart\">\n\t\t\t\t\t\t<a href=\"\/index.php?rest_route=%2Fwp%2Fv2%2Fpages%2F998&#038;add-to-cart=1092\" aria-describedby=\"woocommerce_loop_add_to_cart_link_describedby_1092\" data-quantity=\"1\" class=\"button product_type_simple add_to_cart_button ajax_add_to_cart\" data-product_id=\"1092\" data-product_sku=\"\" aria-label=\"In den Warenkorb legen: \u201eB\u00fcro-Abo\u201c\" rel=\"nofollow\" data-success_message=\"\u201eB\u00fcro-Abo\u201c wurde deinem Warenkorb hinzugef\u00fcgt\">In den Warenkorb<\/a>\t<span id=\"woocommerce_loop_add_to_cart_link_describedby_1092\" class=\"screen-reader-text\">\n\t\t\t<\/span>\n\t\t\t\t\t<\/div>\n\t\t\t\t\t\t\t<\/div>\n\t\t<\/div>\n\t\t\t\t<div class=\"hfe-product-item\">\n\t\t\t\t\t\t\t<div class=\"hfe-product-image\">\n\t\t\t\t\t<a href=\"https:\/\/016school.bbsw-worms.de\/?product=vorrats-abo\">\n\t\t\t\t\t\t<img decoding=\"async\" width=\"300\" height=\"300\" src=\"https:\/\/016school.bbsw-worms.de\/wp-content\/uploads\/2026\/02\/shopseranobakery-bread-bakery-delivery-5972714_1920.jpg\" class=\"attachment-woocommerce_thumbnail size-woocommerce_thumbnail\" alt=\"Vorrats Abo\" \/>\t\t\t\t\t<\/a>\n\t\t\t\t<\/div>\n\t\t\t\n\t\t\t<div class=\"hfe-product-content\">\n\t\t\t\t\t\t\t\t\t<div class=\"hfe-product-category\">\n\t\t\t\t\t\tAbonnement\t\t\t\t\t<\/div>\n\t\t\t\t\n\t\t\t\t\t\t\t\t\t<div class=\"hfe-product-title\">\n\t\t\t\t\t\t<a href=\"https:\/\/016school.bbsw-worms.de\/?product=vorrats-abo\" class=\"hfe-loop-product__link\">\n\t\t\t\t\t\t\t<h2 class=\"woocommerce-loop-product__title\">Vorrats Abo<\/h2>\t\t\t\t\t\t<\/a>\n\t\t\t\t\t<\/div>\n\t\t\t\t\n\t\t\t\t\t\t\t\t\t<div class=\"hfe-product-rating\">\n\t\t\t\t\t\t\t\t\t\t\t<\/div>\n\t\t\t\t\n\t\t\t\t\t\t\t\t\t<div class=\"hfe-product-price\">\n\t\t\t\t\t\t\n\t<span class=\"price\"><span class=\"woocommerce-Price-amount amount\"><bdi>22,00&nbsp;<span class=\"woocommerce-Price-currencySymbol\">&euro;<\/span><\/bdi><\/span><\/span>\n\t\t\t\t\t<\/div>\n\t\t\t\t\n\t\t\t\t\n\t\t\t\t\t\t\t\t\t<div class=\"hfe-product-add-to-cart\">\n\t\t\t\t\t\t<a href=\"\/index.php?rest_route=%2Fwp%2Fv2%2Fpages%2F998&#038;add-to-cart=1087\" aria-describedby=\"woocommerce_loop_add_to_cart_link_describedby_1087\" data-quantity=\"1\" class=\"button product_type_simple add_to_cart_button ajax_add_to_cart\" data-product_id=\"1087\" data-product_sku=\"\" aria-label=\"In den Warenkorb legen: \u201eVorrats Abo\u201c\" rel=\"nofollow\" data-success_message=\"\u201eVorrats Abo\u201c wurde deinem Warenkorb hinzugef\u00fcgt\">In den Warenkorb<\/a>\t<span id=\"woocommerce_loop_add_to_cart_link_describedby_1087\" class=\"screen-reader-text\">\n\t\t\t<\/span>\n\t\t\t\t\t<\/div>\n\t\t\t\t\t\t\t<\/div>\n\t\t<\/div>\n\t\t\t\t<div class=\"hfe-product-item\">\n\t\t\t\t\t\t\t<div class=\"hfe-product-image\">\n\t\t\t\t\t<a href=\"https:\/\/016school.bbsw-worms.de\/?product=entdecker-abo\">\n\t\t\t\t\t\t<img loading=\"lazy\" decoding=\"async\" width=\"300\" height=\"300\" src=\"https:\/\/016school.bbsw-worms.de\/wp-content\/uploads\/2026\/02\/shopseranobakery-bread-bakery-delivery-5972714_1920.jpg\" class=\"attachment-woocommerce_thumbnail size-woocommerce_thumbnail\" alt=\"Entdecker\" \/>\t\t\t\t\t<\/a>\n\t\t\t\t<\/div>\n\t\t\t\n\t\t\t<div class=\"hfe-product-content\">\n\t\t\t\t\t\t\t\t\t<div class=\"hfe-product-category\">\n\t\t\t\t\t\tAbonnement\t\t\t\t\t<\/div>\n\t\t\t\t\n\t\t\t\t\t\t\t\t\t<div class=\"hfe-product-title\">\n\t\t\t\t\t\t<a href=\"https:\/\/016school.bbsw-worms.de\/?product=entdecker-abo\" class=\"hfe-loop-product__link\">\n\t\t\t\t\t\t\t<h2 class=\"woocommerce-loop-product__title\">Entdecker<\/h2>\t\t\t\t\t\t<\/a>\n\t\t\t\t\t<\/div>\n\t\t\t\t\n\t\t\t\t\t\t\t\t\t<div class=\"hfe-product-rating\">\n\t\t\t\t\t\t\t\t\t\t\t<\/div>\n\t\t\t\t\n\t\t\t\t\t\t\t\t\t<div class=\"hfe-product-price\">\n\t\t\t\t\t\t\n\t<span class=\"price\"><span class=\"woocommerce-Price-amount amount\"><bdi>25,00&nbsp;<span class=\"woocommerce-Price-currencySymbol\">&euro;<\/span><\/bdi><\/span><\/span>\n\t\t\t\t\t<\/div>\n\t\t\t\t\n\t\t\t\t\n\t\t\t\t\t\t\t\t\t<div class=\"hfe-product-add-to-cart\">\n\t\t\t\t\t\t<a href=\"\/index.php?rest_route=%2Fwp%2Fv2%2Fpages%2F998&#038;add-to-cart=1086\" aria-describedby=\"woocommerce_loop_add_to_cart_link_describedby_1086\" data-quantity=\"1\" class=\"button product_type_simple add_to_cart_button ajax_add_to_cart\" data-product_id=\"1086\" data-product_sku=\"\" aria-label=\"In den Warenkorb legen: \u201eEntdecker\u201c\" rel=\"nofollow\" data-success_message=\"\u201eEntdecker\u201c wurde deinem Warenkorb hinzugef\u00fcgt\">In den Warenkorb<\/a>\t<span id=\"woocommerce_loop_add_to_cart_link_describedby_1086\" class=\"screen-reader-text\">\n\t\t\t<\/span>\n\t\t\t\t\t<\/div>\n\t\t\t\t\t\t\t<\/div>\n\t\t<\/div>\n\t\t\t\t\t<\/div>\n\t\t<\/div>\n\t\t\t\t\t\t<\/div>\n\t\t\t\t<\/div>\n\t\t\t\t<\/div>\n\t\t\t\t<div class=\"elementor-element elementor-element-9b50846 elementor-widget elementor-widget-text-editor\" data-id=\"9b50846\" data-element_type=\"widget\" data-e-type=\"widget\" data-widget_type=\"text-editor.default\">\n\t\t\t\t\t\t\t\t\t<p><span style=\"font-weight: 400;\">Du hast deinen Lieblingskaffee bei uns gefunden? Mit unserem flexiblen Abo-Service liefern wir dir deine Bohnen automatisch nach Hause \u2013 genau dann, wenn du sie brauchst.<\/span><\/p><p><span style=\"font-weight: 400;\">Deine Vorteile im Abo:<\/span><\/p><ul><li><span style=\"font-weight: 400;\"> Preisersparnis: Du erh\u00e4ltst 10% Rabatt auf jede Abo-Bestellung.<\/span><\/li><li><span style=\"font-weight: 400;\"> Volle Flexibilit\u00e4t: Du kannst das Abo jederzeit pausieren, anpassen oder k\u00fcndigen \u2013 ohne versteckte Fristen.<\/span><\/li><li><span style=\"font-weight: 400;\"> Exklusive Beigaben: Als Abo-Kunde erh\u00e4ltst du regelm\u00e4\u00dfig kleine Proben unserer neuesten R\u00f6stungen gratis dazu.<\/span><\/li><\/ul><p><span style=\"font-weight: 400;\">\u00a0<\/span><\/p><p><span style=\"font-weight: 400;\">So funktioniert es:<\/span><\/p><ol><li><span style=\"font-weight: 400;\"> W\u00e4hle deinen Kaffee: Suche dir deine Lieblingssorte in unserem Shop aus.<\/span><\/li><li><span style=\"font-weight: 400;\"> Intervall festlegen: Entscheide selbst, ob wir alle 2, 4 oder 6 Wochen liefern sollen.<\/span><\/li><li><span style=\"font-weight: 400;\"> Menge bestimmen: W\u00e4hle aus, wie viele Packungen du pro Lieferung ben\u00f6tigst.<\/span><\/li><li><span style=\"font-weight: 400;\"> Genie\u00dfen: Wir k\u00fcmmern uns um den Rest. Dein Kaffee wird frisch ger\u00f6stet und direkt zu dir geschickt.<\/span><\/li><\/ol><p><span style=\"font-weight: 400;\">\u00a0<\/span><\/p><ol><li><strong>Das \u201eEntdecker-Abo\u201c (Kuratiert)<\/strong><\/li><\/ol><p><span style=\"font-weight: 400;\">Dieses Abo ist perfekt f\u00fcr Kunden, die Abwechslung lieben und neue Geschm\u00e4cker ausprobieren wollen.<\/span><\/p><ul><li><span style=\"font-weight: 400;\"> Inhalt: Jeden Monat eine neue, wechselnde Kaffeesorte (250g oder 500g), die aktuell vom R\u00f6stmeister empfohlen wird.<\/span><\/li><li><span style=\"font-weight: 400;\"> Besonderheit: Inklusive einer kleinen \u201eSteckbrief-Karte\u201c zur Herkunft und den Geschmacksnoten der Bohne.<\/span><\/li><li><span style=\"font-weight: 400;\"> Zielgruppe: Neugierige Kaffeeliebhaber und Einsteiger.<\/span><\/li><\/ul><p>\u00a0<\/p><ol start=\"2\"><li><strong>Das \u201eVorrats-Abo\u201c (Klassisch)<\/strong><\/li><\/ol><p><span style=\"font-weight: 400;\">\u00a0Du wei\u00dft genau, was du magst \ud83d\ude42<\/span><\/p><ul><li><span style=\"font-weight: 400;\"> Inhalt: Deine Lieblingssorte (z.B. der \u201eWormser Wachmacher\u201c) in fester Menge.<\/span><\/li><li><span style=\"font-weight: 400;\"> Intervall: W\u00e4hlbar (alle 4 Wochen).<\/span><\/li><li><span style=\"font-weight: 400;\"> Besonderheit: 15% Ersparnis<\/span><\/li><\/ul><p>\u00a0<\/p><ol start=\"3\"><li><strong>Das \u201eB\u00fcro-Abo\u201c (Gro\u00dfmenge)<\/strong><\/li><\/ol><p><span style=\"font-weight: 400;\">Ein spezielles Angebot f\u00fcr lokale Firmen in Worms oder Coworking-Spaces.<\/span><\/p><ul><li><span style=\"font-weight: 400;\"> Inhalt: Gro\u00dfe Gebinde (1kg-Beutel) von s\u00e4urearmen, massentauglichen R\u00f6stungen.<\/span><\/li><li><span style=\"font-weight: 400;\"> Besonderheit: Kostenlose Lieferung im Stadtgebiet Worms ab 5kg<\/span><\/li><li><span style=\"font-weight: 400;\"> Zielgruppe: F\u00fcr Gesch\u00e4ftskunden (B2B).<\/span><\/li><\/ul>\t\t\t\t\t\t\t\t<\/div>\n\t\t\t\t<div class=\"elementor-element elementor-element-9d53e79 elementor-widget elementor-widget-button\" data-id=\"9d53e79\" data-element_type=\"widget\" data-e-type=\"widget\" data-widget_type=\"button.default\">\n\t\t\t\t\t\t\t\t\t\t<a class=\"elementor-button elementor-button-link elementor-size-sm\" href=\"#products\">\n\t\t\t\t\t\t<span class=\"elementor-button-content-wrapper\">\n\t\t\t\t\t\t\t\t\t<span class=\"elementor-button-text\">W\u00e4hle dein Abonnement<\/span>\n\t\t\t\t\t<\/span>\n\t\t\t\t\t<\/a>\n\t\t\t\t\t\t\t\t<\/div>\n\t\t\t\t\t<\/div>\n\t\t\t\t<\/div>\n\t\t\t\t<\/div>\n\t\t","protected":false},"excerpt":{"rendered":"<p>Nie wieder leere Tassen! Unser Kaffee-Abo: Abonnement B\u00fcro-Abo 18,00&nbsp;&euro; In den Warenkorb Abonnement Vorrats Abo 22,00&nbsp;&euro; In den Warenkorb Abonnement Entdecker 25,00&nbsp;&euro; In den Warenkorb Du hast deinen Lieblingskaffee bei uns gefunden? Mit unserem flexiblen Abo-Service liefern wir dir deine Bohnen automatisch nach Hause \u2013 genau dann, wenn du sie brauchst. Deine Vorteile im Abo: [&hellip;]<\/p>\n","protected":false},"author":2,"featured_media":0,"parent":0,"menu_order":0,"comment_status":"closed","ping_status":"closed","template":"","meta":{"footnotes":""},"class_list":["post-998","page","type-page","status-publish","hentry"],"_links":{"self":[{"href":"https:\/\/016school.bbsw-worms.de\/index.php?rest_route=\/wp\/v2\/pages\/998","targetHints":{"allow":["GET"]}}],"collection":[{"href":"https:\/\/016school.bbsw-worms.de\/index.php?rest_route=\/wp\/v2\/pages"}],"about":[{"href":"https:\/\/016school.bbsw-worms.de\/index.php?rest_route=\/wp\/v2\/types\/page"}],"author":[{"embeddable":true,"href":"https:\/\/016school.bbsw-worms.de\/index.php?rest_route=\/wp\/v2\/users\/2"}],"replies":[{"embeddable":true,"href":"https:\/\/016school.bbsw-worms.de\/index.php?rest_route=%2Fwp%2Fv2%2Fcomments&post=998"}],"version-history":[{"count":10,"href":"https:\/\/016school.bbsw-worms.de\/index.php?rest_route=\/wp\/v2\/pages\/998\/revisions"}],"predecessor-version":[{"id":1148,"href":"https:\/\/016school.bbsw-worms.de\/index.php?rest_route=\/wp\/v2\/pages\/998\/revisions\/1148"}],"wp:attachment":[{"href":"https:\/\/016school.bbsw-worms.de\/index.php?rest_route=%2Fwp%2Fv2%2Fmedia&parent=998"}],"curies":[{"name":"wp","href":"https:\/\/api.w.org\/{rel}","templated":true}]}}