{"id":968,"date":"2026-03-06T12:57:20","date_gmt":"2026-03-06T11:57:20","guid":{"rendered":"https:\/\/016school.bbsw-worms.de\/?page_id=968"},"modified":"2026-03-06T12:59:45","modified_gmt":"2026-03-06T11:59:45","slug":"marc","status":"publish","type":"page","link":"https:\/\/016school.bbsw-worms.de\/?page_id=968","title":{"rendered":"Marc"},"content":{"rendered":"\t\t<div data-elementor-type=\"wp-page\" data-elementor-id=\"968\" class=\"elementor elementor-968\">\n\t\t\t\t<div class=\"elementor-element elementor-element-4578ec1 e-flex e-con-boxed e-con e-parent\" data-id=\"4578ec1\" data-element_type=\"container\" data-e-type=\"container\">\n\t\t\t\t\t<div class=\"e-con-inner\">\n\t\t<div class=\"elementor-element elementor-element-f20bf09 e-con-full e-flex e-con e-child\" data-id=\"f20bf09\" data-element_type=\"container\" data-e-type=\"container\">\n\t\t\t\t<div class=\"elementor-element elementor-element-cd9b633 elementor-widget elementor-widget-image\" data-id=\"cd9b633\" data-element_type=\"widget\" data-e-type=\"widget\" data-widget_type=\"image.default\">\n\t\t\t\t\t\t\t\t\t\t\t\t\t\t\t<img fetchpriority=\"high\" decoding=\"async\" width=\"800\" height=\"800\" src=\"https:\/\/016school.bbsw-worms.de\/wp-content\/uploads\/2026\/03\/MA_0012_Lukas.webp\" class=\"attachment-large size-large wp-image-918\" alt=\"\" srcset=\"https:\/\/016school.bbsw-worms.de\/wp-content\/uploads\/2026\/03\/MA_0012_Lukas.webp 900w, https:\/\/016school.bbsw-worms.de\/wp-content\/uploads\/2026\/03\/MA_0012_Lukas-300x300.webp 300w, https:\/\/016school.bbsw-worms.de\/wp-content\/uploads\/2026\/03\/MA_0012_Lukas-150x150.webp 150w, https:\/\/016school.bbsw-worms.de\/wp-content\/uploads\/2026\/03\/MA_0012_Lukas-768x768.webp 768w\" sizes=\"(max-width: 800px) 100vw, 800px\" \/>\t\t\t\t\t\t\t\t\t\t\t\t\t\t\t<\/div>\n\t\t<div class=\"elementor-element elementor-element-766fc11 e-con-full e-flex e-con e-child\" data-id=\"766fc11\" data-element_type=\"container\" data-e-type=\"container\">\n\t\t\t\t<div class=\"elementor-element elementor-element-799c5a2 elementor-widget elementor-widget-heading\" data-id=\"799c5a2\" data-element_type=\"widget\" data-e-type=\"widget\" data-widget_type=\"heading.default\">\n\t\t\t\t\t<h4 class=\"elementor-heading-title elementor-size-default\">Marc<\/h4>\t\t\t\t<\/div>\n\t\t\t\t<div class=\"elementor-element elementor-element-67b3ab5 elementor-widget elementor-widget-text-editor\" data-id=\"67b3ab5\" data-element_type=\"widget\" data-e-type=\"widget\" data-widget_type=\"text-editor.default\">\n\t\t\t\t\t\t\t\t\t<p><span style=\"font-weight: 400;\">Logistik-Held &amp; Support<\/span><\/p>\t\t\t\t\t\t\t\t<\/div>\n\t\t\t\t<div class=\"elementor-element elementor-element-7b76736 elementor-icon-list--layout-traditional elementor-list-item-link-full_width elementor-widget elementor-widget-icon-list\" data-id=\"7b76736\" data-element_type=\"widget\" data-e-type=\"widget\" data-widget_type=\"icon-list.default\">\n\t\t\t\t\t\t\t<ul class=\"elementor-icon-list-items\">\n\t\t\t\t\t\t\t<li class=\"elementor-icon-list-item\">\n\t\t\t\t\t\t\t\t\t\t\t<a href=\"mailto:marc@bohneundblatt.de\u200b\">\n\n\t\t\t\t\t\t\t\t\t\t\t<span class=\"elementor-icon-list-text\">marc@bohneundblatt.de\u200b<\/span>\n\t\t\t\t\t\t\t\t\t\t\t<\/a>\n\t\t\t\t\t\t\t\t\t<\/li>\n\t\t\t\t\t\t<\/ul>\n\t\t\t\t\t\t<\/div>\n\t\t\t\t<\/div>\n\t\t\t\t<\/div>\n\t\t<div class=\"elementor-element elementor-element-ab46a09 e-con-full e-flex e-con e-child\" data-id=\"ab46a09\" data-element_type=\"container\" data-e-type=\"container\">\n\t\t\t\t<div class=\"elementor-element elementor-element-de7abdc elementor-widget elementor-widget-text-editor\" data-id=\"de7abdc\" data-element_type=\"widget\" data-e-type=\"widget\" data-widget_type=\"text-editor.default\">\n\t\t\t\t\t\t\t\t\t<p><span style=\"font-weight: 400;\">Marc \u2013 Logistik-Held &amp; Support<\/span><\/p><ul><li><span style=\"font-weight: 400;\"><strong> Aufgaben<\/strong>: Versandabwicklung, Bestandsmanagement und technischer Support.<\/span><\/li><li><span style=\"font-weight: 400;\"><strong> \u00dcber ihn<\/strong>: Marc sorgt daf\u00fcr, dass dein Abo-Service p\u00fcnktlich bei dir ankommt. Er ist der Meister der Logistik und verpackt jede Sendung mit Liebe zum Detail. Wenn es technische Fragen zum Abo oder zur Lieferung gibt, ist er die freundliche Stimme am Telefon.<\/span><\/li><\/ul>\t\t\t\t\t\t\t\t<\/div>\n\t\t\t\t<\/div>\n\t\t\t\t\t<\/div>\n\t\t\t\t<\/div>\n\t\t\t\t<\/div>\n\t\t","protected":false},"excerpt":{"rendered":"<p>Marc Logistik-Held &amp; Support marc@bohneundblatt.de\u200b Marc \u2013 Logistik-Held &amp; Support Aufgaben: Versandabwicklung, Bestandsmanagement und technischer Support. \u00dcber ihn: Marc sorgt daf\u00fcr, dass dein Abo-Service p\u00fcnktlich bei dir ankommt. Er ist der Meister der Logistik und verpackt jede Sendung mit Liebe zum Detail. Wenn es technische Fragen zum Abo oder zur Lieferung gibt, ist er die [&hellip;]<\/p>\n","protected":false},"author":2,"featured_media":0,"parent":0,"menu_order":0,"comment_status":"closed","ping_status":"closed","template":"","meta":{"footnotes":""},"class_list":["post-968","page","type-page","status-publish","hentry"],"_links":{"self":[{"href":"https:\/\/016school.bbsw-worms.de\/index.php?rest_route=\/wp\/v2\/pages\/968","targetHints":{"allow":["GET"]}}],"collection":[{"href":"https:\/\/016school.bbsw-worms.de\/index.php?rest_route=\/wp\/v2\/pages"}],"about":[{"href":"https:\/\/016school.bbsw-worms.de\/index.php?rest_route=\/wp\/v2\/types\/page"}],"author":[{"embeddable":true,"href":"https:\/\/016school.bbsw-worms.de\/index.php?rest_route=\/wp\/v2\/users\/2"}],"replies":[{"embeddable":true,"href":"https:\/\/016school.bbsw-worms.de\/index.php?rest_route=%2Fwp%2Fv2%2Fcomments&post=968"}],"version-history":[{"count":7,"href":"https:\/\/016school.bbsw-worms.de\/index.php?rest_route=\/wp\/v2\/pages\/968\/revisions"}],"predecessor-version":[{"id":977,"href":"https:\/\/016school.bbsw-worms.de\/index.php?rest_route=\/wp\/v2\/pages\/968\/revisions\/977"}],"wp:attachment":[{"href":"https:\/\/016school.bbsw-worms.de\/index.php?rest_route=%2Fwp%2Fv2%2Fmedia&parent=968"}],"curies":[{"name":"wp","href":"https:\/\/api.w.org\/{rel}","templated":true}]}}