{"id":957,"date":"2026-03-06T12:55:34","date_gmt":"2026-03-06T11:55:34","guid":{"rendered":"https:\/\/016school.bbsw-worms.de\/?page_id=957"},"modified":"2026-03-06T12:57:05","modified_gmt":"2026-03-06T11:57:05","slug":"julia","status":"publish","type":"page","link":"https:\/\/016school.bbsw-worms.de\/?page_id=957","title":{"rendered":"Julia"},"content":{"rendered":"\t\t<div data-elementor-type=\"wp-page\" data-elementor-id=\"957\" class=\"elementor elementor-957\">\n\t\t\t\t<div class=\"elementor-element elementor-element-f5b3fbd e-flex e-con-boxed e-con e-parent\" data-id=\"f5b3fbd\" data-element_type=\"container\" data-e-type=\"container\">\n\t\t\t\t\t<div class=\"e-con-inner\">\n\t\t<div class=\"elementor-element elementor-element-5f7fe67 e-con-full e-flex e-con e-child\" data-id=\"5f7fe67\" data-element_type=\"container\" data-e-type=\"container\">\n\t\t\t\t<div class=\"elementor-element elementor-element-959b679 elementor-widget elementor-widget-image\" data-id=\"959b679\" data-element_type=\"widget\" data-e-type=\"widget\" data-widget_type=\"image.default\">\n\t\t\t\t\t\t\t\t\t\t\t\t\t\t\t<img fetchpriority=\"high\" decoding=\"async\" width=\"800\" height=\"800\" src=\"https:\/\/016school.bbsw-worms.de\/wp-content\/uploads\/2026\/03\/MA-Website-1-1.webp\" class=\"attachment-large size-large wp-image-921\" alt=\"\" srcset=\"https:\/\/016school.bbsw-worms.de\/wp-content\/uploads\/2026\/03\/MA-Website-1-1.webp 900w, https:\/\/016school.bbsw-worms.de\/wp-content\/uploads\/2026\/03\/MA-Website-1-1-300x300.webp 300w, https:\/\/016school.bbsw-worms.de\/wp-content\/uploads\/2026\/03\/MA-Website-1-1-150x150.webp 150w, https:\/\/016school.bbsw-worms.de\/wp-content\/uploads\/2026\/03\/MA-Website-1-1-768x768.webp 768w\" sizes=\"(max-width: 800px) 100vw, 800px\" \/>\t\t\t\t\t\t\t\t\t\t\t\t\t\t\t<\/div>\n\t\t<div class=\"elementor-element elementor-element-f02e6c8 e-con-full e-flex e-con e-child\" data-id=\"f02e6c8\" data-element_type=\"container\" data-e-type=\"container\">\n\t\t\t\t<div class=\"elementor-element elementor-element-40ed700 elementor-widget elementor-widget-heading\" data-id=\"40ed700\" data-element_type=\"widget\" data-e-type=\"widget\" data-widget_type=\"heading.default\">\n\t\t\t\t\t<h4 class=\"elementor-heading-title elementor-size-default\">Julia<\/h4>\t\t\t\t<\/div>\n\t\t\t\t<div class=\"elementor-element elementor-element-7b8b005 elementor-widget elementor-widget-text-editor\" data-id=\"7b8b005\" data-element_type=\"widget\" data-e-type=\"widget\" data-widget_type=\"text-editor.default\">\n\t\t\t\t\t\t\t\t\t<p><span style=\"font-weight: 400;\">Tee-Sommeli\u00e8re<\/span><\/p>\t\t\t\t\t\t\t\t<\/div>\n\t\t\t\t<div class=\"elementor-element elementor-element-a81bc92 elementor-icon-list--layout-traditional elementor-list-item-link-full_width elementor-widget elementor-widget-icon-list\" data-id=\"a81bc92\" data-element_type=\"widget\" data-e-type=\"widget\" data-widget_type=\"icon-list.default\">\n\t\t\t\t\t\t\t<ul class=\"elementor-icon-list-items\">\n\t\t\t\t\t\t\t<li class=\"elementor-icon-list-item\">\n\t\t\t\t\t\t\t\t\t\t\t<a href=\"mailto:julia@bohneundblatt.de\">\n\n\t\t\t\t\t\t\t\t\t\t\t<span class=\"elementor-icon-list-text\">julia@bohneundblatt.de<\/span>\n\t\t\t\t\t\t\t\t\t\t\t<\/a>\n\t\t\t\t\t\t\t\t\t<\/li>\n\t\t\t\t\t\t<\/ul>\n\t\t\t\t\t\t<\/div>\n\t\t\t\t<\/div>\n\t\t\t\t<\/div>\n\t\t<div class=\"elementor-element elementor-element-c1f6558 e-con-full e-flex e-con e-child\" data-id=\"c1f6558\" data-element_type=\"container\" data-e-type=\"container\">\n\t\t\t\t<div class=\"elementor-element elementor-element-6cc6d23 elementor-widget elementor-widget-text-editor\" data-id=\"6cc6d23\" data-element_type=\"widget\" data-e-type=\"widget\" data-widget_type=\"text-editor.default\">\n\t\t\t\t\t\t\t\t\t<p><span style=\"font-weight: 400;\">Tee-Sommeli\u00e8re<\/span><\/p><ul><li><span style=\"font-weight: 400;\"><strong> Aufgaben<\/strong>: Sortimentsgestaltung der Teesorten, Beratung und sensorische Schulungen.<\/span><\/li><li><span style=\"font-weight: 400;\"><strong> \u00dcber sie<\/strong>: Da unser Name auch das \u201eBlatt\u201c beinhaltet, ist Julia unsere Spezialistin f\u00fcr hochwertige Tees. Sie reist zu kleinen Teeg\u00e4rten in Asien und stellt unsere einzigartigen Mischungen zusammen. Sie glaubt fest daran, dass die Zubereitung von Tee eine Form von Meditation ist.<\/span><\/li><\/ul>\t\t\t\t\t\t\t\t<\/div>\n\t\t\t\t<\/div>\n\t\t\t\t\t<\/div>\n\t\t\t\t<\/div>\n\t\t\t\t<\/div>\n\t\t","protected":false},"excerpt":{"rendered":"<p>Julia Tee-Sommeli\u00e8re julia@bohneundblatt.de Tee-Sommeli\u00e8re Aufgaben: Sortimentsgestaltung der Teesorten, Beratung und sensorische Schulungen. \u00dcber sie: Da unser Name auch das \u201eBlatt\u201c beinhaltet, ist Julia unsere Spezialistin f\u00fcr hochwertige Tees. Sie reist zu kleinen Teeg\u00e4rten in Asien und stellt unsere einzigartigen Mischungen zusammen. Sie glaubt fest daran, dass die Zubereitung von Tee eine Form von Meditation ist.<\/p>\n","protected":false},"author":2,"featured_media":0,"parent":0,"menu_order":0,"comment_status":"closed","ping_status":"closed","template":"","meta":{"footnotes":""},"class_list":["post-957","page","type-page","status-publish","hentry"],"_links":{"self":[{"href":"https:\/\/016school.bbsw-worms.de\/index.php?rest_route=\/wp\/v2\/pages\/957","targetHints":{"allow":["GET"]}}],"collection":[{"href":"https:\/\/016school.bbsw-worms.de\/index.php?rest_route=\/wp\/v2\/pages"}],"about":[{"href":"https:\/\/016school.bbsw-worms.de\/index.php?rest_route=\/wp\/v2\/types\/page"}],"author":[{"embeddable":true,"href":"https:\/\/016school.bbsw-worms.de\/index.php?rest_route=\/wp\/v2\/users\/2"}],"replies":[{"embeddable":true,"href":"https:\/\/016school.bbsw-worms.de\/index.php?rest_route=%2Fwp%2Fv2%2Fcomments&post=957"}],"version-history":[{"count":7,"href":"https:\/\/016school.bbsw-worms.de\/index.php?rest_route=\/wp\/v2\/pages\/957\/revisions"}],"predecessor-version":[{"id":964,"href":"https:\/\/016school.bbsw-worms.de\/index.php?rest_route=\/wp\/v2\/pages\/957\/revisions\/964"}],"wp:attachment":[{"href":"https:\/\/016school.bbsw-worms.de\/index.php?rest_route=%2Fwp%2Fv2%2Fmedia&parent=957"}],"curies":[{"name":"wp","href":"https:\/\/api.w.org\/{rel}","templated":true}]}}