{"id":949,"date":"2026-03-06T12:53:55","date_gmt":"2026-03-06T11:53:55","guid":{"rendered":"https:\/\/016school.bbsw-worms.de\/?page_id=949"},"modified":"2026-03-06T12:55:22","modified_gmt":"2026-03-06T11:55:22","slug":"sarah-2","status":"publish","type":"page","link":"https:\/\/016school.bbsw-worms.de\/?page_id=949","title":{"rendered":"Sarah"},"content":{"rendered":"\t\t<div data-elementor-type=\"wp-page\" data-elementor-id=\"949\" class=\"elementor elementor-949\">\n\t\t\t\t<div class=\"elementor-element elementor-element-38e9075 e-flex e-con-boxed e-con e-parent\" data-id=\"38e9075\" data-element_type=\"container\" data-e-type=\"container\">\n\t\t\t\t\t<div class=\"e-con-inner\">\n\t\t<div class=\"elementor-element elementor-element-d385d88 e-con-full e-flex e-con e-child\" data-id=\"d385d88\" data-element_type=\"container\" data-e-type=\"container\">\n\t\t\t\t<div class=\"elementor-element elementor-element-0ad9477 elementor-widget elementor-widget-image\" data-id=\"0ad9477\" data-element_type=\"widget\" data-e-type=\"widget\" data-widget_type=\"image.default\">\n\t\t\t\t\t\t\t\t\t\t\t\t\t\t\t<img fetchpriority=\"high\" decoding=\"async\" width=\"800\" height=\"800\" src=\"https:\/\/016school.bbsw-worms.de\/wp-content\/uploads\/2026\/03\/MA_0002_Sarah.webp\" class=\"attachment-large size-large wp-image-920\" alt=\"\" srcset=\"https:\/\/016school.bbsw-worms.de\/wp-content\/uploads\/2026\/03\/MA_0002_Sarah.webp 900w, https:\/\/016school.bbsw-worms.de\/wp-content\/uploads\/2026\/03\/MA_0002_Sarah-300x300.webp 300w, https:\/\/016school.bbsw-worms.de\/wp-content\/uploads\/2026\/03\/MA_0002_Sarah-150x150.webp 150w, https:\/\/016school.bbsw-worms.de\/wp-content\/uploads\/2026\/03\/MA_0002_Sarah-768x768.webp 768w\" sizes=\"(max-width: 800px) 100vw, 800px\" \/>\t\t\t\t\t\t\t\t\t\t\t\t\t\t\t<\/div>\n\t\t<div class=\"elementor-element elementor-element-ca88ed1 e-con-full e-flex e-con e-child\" data-id=\"ca88ed1\" data-element_type=\"container\" data-e-type=\"container\">\n\t\t\t\t<div class=\"elementor-element elementor-element-9a0b303 elementor-widget elementor-widget-heading\" data-id=\"9a0b303\" data-element_type=\"widget\" data-e-type=\"widget\" data-widget_type=\"heading.default\">\n\t\t\t\t\t<h4 class=\"elementor-heading-title elementor-size-default\">Sarah <\/h4>\t\t\t\t<\/div>\n\t\t\t\t<div class=\"elementor-element elementor-element-38d5d68 elementor-widget elementor-widget-text-editor\" data-id=\"38d5d68\" data-element_type=\"widget\" data-e-type=\"widget\" data-widget_type=\"text-editor.default\">\n\t\t\t\t\t\t\t\t\t<p><span style=\"font-weight: 400;\">Barista-Trainerin<\/span><\/p>\t\t\t\t\t\t\t\t<\/div>\n\t\t\t\t<div class=\"elementor-element elementor-element-d4be6c9 elementor-icon-list--layout-traditional elementor-list-item-link-full_width elementor-widget elementor-widget-icon-list\" data-id=\"d4be6c9\" data-element_type=\"widget\" data-e-type=\"widget\" data-widget_type=\"icon-list.default\">\n\t\t\t\t\t\t\t<ul class=\"elementor-icon-list-items\">\n\t\t\t\t\t\t\t<li class=\"elementor-icon-list-item\">\n\t\t\t\t\t\t\t\t\t\t\t<a href=\"mailto:sarah@bohneundblatt.de\">\n\n\t\t\t\t\t\t\t\t\t\t\t<span class=\"elementor-icon-list-text\">sarah@bohneundblatt.de<\/span>\n\t\t\t\t\t\t\t\t\t\t\t<\/a>\n\t\t\t\t\t\t\t\t\t<\/li>\n\t\t\t\t\t\t<\/ul>\n\t\t\t\t\t\t<\/div>\n\t\t\t\t<\/div>\n\t\t\t\t<\/div>\n\t\t<div class=\"elementor-element elementor-element-92b2d8e e-con-full e-flex e-con e-child\" data-id=\"92b2d8e\" data-element_type=\"container\" data-e-type=\"container\">\n\t\t\t\t<div class=\"elementor-element elementor-element-23ab23c elementor-widget elementor-widget-text-editor\" data-id=\"23ab23c\" data-element_type=\"widget\" data-e-type=\"widget\" data-widget_type=\"text-editor.default\">\n\t\t\t\t\t\t\t\t\t<p><span style=\"font-weight: 400;\">Sarah \u2013 Barista-Trainerin &amp; Shop-Managerin<\/span><\/p><ul><li><span style=\"font-weight: 400;\"><strong> Aufgaben<\/strong>: Leitung der Barista-Kurse, Kundenservice und Onlineshop-Pflege.<\/span><\/li><li><span style=\"font-weight: 400;\"><strong> \u00dcber sie<\/strong>: Sarah ist die Expertin f\u00fcr Latte Art. Wer bei uns einen Kurs bucht, lernt bei ihr, wie man das perfekte Herz in den Milchschaum gie\u00dft. Sie hat immer ein offenes Ohr f\u00fcr Kundenfragen und sorgt daf\u00fcr, dass im Webshop alles rund l\u00e4uft.<\/span><\/li><\/ul>\t\t\t\t\t\t\t\t<\/div>\n\t\t\t\t<\/div>\n\t\t\t\t\t<\/div>\n\t\t\t\t<\/div>\n\t\t\t\t<\/div>\n\t\t","protected":false},"excerpt":{"rendered":"<p>Sarah Barista-Trainerin sarah@bohneundblatt.de Sarah \u2013 Barista-Trainerin &amp; Shop-Managerin Aufgaben: Leitung der Barista-Kurse, Kundenservice und Onlineshop-Pflege. \u00dcber sie: Sarah ist die Expertin f\u00fcr Latte Art. Wer bei uns einen Kurs bucht, lernt bei ihr, wie man das perfekte Herz in den Milchschaum gie\u00dft. Sie hat immer ein offenes Ohr f\u00fcr Kundenfragen und sorgt daf\u00fcr, dass im [&hellip;]<\/p>\n","protected":false},"author":2,"featured_media":0,"parent":0,"menu_order":0,"comment_status":"closed","ping_status":"closed","template":"","meta":{"footnotes":""},"class_list":["post-949","page","type-page","status-publish","hentry"],"_links":{"self":[{"href":"https:\/\/016school.bbsw-worms.de\/index.php?rest_route=\/wp\/v2\/pages\/949","targetHints":{"allow":["GET"]}}],"collection":[{"href":"https:\/\/016school.bbsw-worms.de\/index.php?rest_route=\/wp\/v2\/pages"}],"about":[{"href":"https:\/\/016school.bbsw-worms.de\/index.php?rest_route=\/wp\/v2\/types\/page"}],"author":[{"embeddable":true,"href":"https:\/\/016school.bbsw-worms.de\/index.php?rest_route=\/wp\/v2\/users\/2"}],"replies":[{"embeddable":true,"href":"https:\/\/016school.bbsw-worms.de\/index.php?rest_route=%2Fwp%2Fv2%2Fcomments&post=949"}],"version-history":[{"count":7,"href":"https:\/\/016school.bbsw-worms.de\/index.php?rest_route=\/wp\/v2\/pages\/949\/revisions"}],"predecessor-version":[{"id":956,"href":"https:\/\/016school.bbsw-worms.de\/index.php?rest_route=\/wp\/v2\/pages\/949\/revisions\/956"}],"wp:attachment":[{"href":"https:\/\/016school.bbsw-worms.de\/index.php?rest_route=%2Fwp%2Fv2%2Fmedia&parent=949"}],"curies":[{"name":"wp","href":"https:\/\/api.w.org\/{rel}","templated":true}]}}