{"id":1081,"date":"2026-03-06T15:11:34","date_gmt":"2026-03-06T14:11:34","guid":{"rendered":"https:\/\/016school.bbsw-worms.de\/?page_id=1081"},"modified":"2026-03-06T15:13:05","modified_gmt":"2026-03-06T14:13:05","slug":"services","status":"publish","type":"page","link":"https:\/\/016school.bbsw-worms.de\/?page_id=1081","title":{"rendered":"Services"},"content":{"rendered":"\t\t<div data-elementor-type=\"wp-page\" data-elementor-id=\"1081\" class=\"elementor elementor-1081\">\n\t\t\t\t<div class=\"elementor-element elementor-element-e83edc4 e-con-full e-flex e-con e-parent\" data-id=\"e83edc4\" data-element_type=\"container\" data-e-type=\"container\">\n\t\t\t\t<div class=\"elementor-element elementor-element-bda52c2 elementor-widget elementor-widget-heading\" data-id=\"bda52c2\" data-element_type=\"widget\" data-e-type=\"widget\" data-widget_type=\"heading.default\">\n\t\t\t\t\t<p class=\"elementor-heading-title elementor-size-default\">Unsere Leistungen<\/p>\t\t\t\t<\/div>\n\t\t\t\t<div class=\"elementor-element elementor-element-41a15c3 elementor-widget elementor-widget-heading\" data-id=\"41a15c3\" data-element_type=\"widget\" data-e-type=\"widget\" data-widget_type=\"heading.default\">\n\t\t\t\t\t<h3 class=\"elementor-heading-title elementor-size-default\">Bohne und Blatt f\u00fcr dich<\/h3>\t\t\t\t<\/div>\n\t\t<div class=\"elementor-element elementor-element-6a61373 e-con-full e-grid e-con e-child\" data-id=\"6a61373\" data-element_type=\"container\" data-e-type=\"container\">\n\t\t<div class=\"elementor-element elementor-element-0adfcdc e-con-full e-flex e-con e-child\" data-id=\"0adfcdc\" data-element_type=\"container\" data-e-type=\"container\">\n\t\t\t\t<div class=\"elementor-element elementor-element-f772bb7 elementor-position-top elementor-widget elementor-widget-image-box\" data-id=\"f772bb7\" data-element_type=\"widget\" data-e-type=\"widget\" data-widget_type=\"image-box.default\">\n\t\t\t\t\t<div class=\"elementor-image-box-wrapper\"><figure class=\"elementor-image-box-img\"><a href=\"#\" tabindex=\"-1\"><img decoding=\"async\" src=\"https:\/\/016school.bbsw-worms.de\/wp-content\/uploads\/elementor\/thumbs\/pexels-photo-7786101-rieufy9uw6ute8d76hx2skuo5d5bhy4kzmymndb8bg.jpeg\" title=\"pexels-photo-7786101.jpeg\" alt=\"pexels-photo-7786101.jpeg\" class=\"elementor-animation-grow\" loading=\"lazy\" \/><\/a><\/figure><div class=\"elementor-image-box-content\"><h4 class=\"elementor-image-box-title\"><a href=\"#\">Frische R\u00f6stung<\/a><\/h4><p class=\"elementor-image-box-description\">Wir r\u00f6sten w\u00f6chentlich in kleinen Chargen direkt hier in Worms f\u00fcr maximales Aroma. <\/p><\/div><\/div>\t\t\t\t<\/div>\n\t\t\t\t<div class=\"elementor-element elementor-element-a2e5547 elementor-align-justify elementor-widget elementor-widget-button\" data-id=\"a2e5547\" data-element_type=\"widget\" data-e-type=\"widget\" data-widget_type=\"button.default\">\n\t\t\t\t\t\t\t\t\t\t<a class=\"elementor-button elementor-button-link elementor-size-sm\" href=\"https:\/\/016school.bbsw-worms.de\/?page_id=453#anfahrt\">\n\t\t\t\t\t\t<span class=\"elementor-button-content-wrapper\">\n\t\t\t\t\t\t\t\t\t<span class=\"elementor-button-text\">Route zu uns<\/span>\n\t\t\t\t\t<\/span>\n\t\t\t\t\t<\/a>\n\t\t\t\t\t\t\t\t<\/div>\n\t\t\t\t<\/div>\n\t\t<div class=\"elementor-element elementor-element-ead3248 e-con-full e-flex e-con e-child\" data-id=\"ead3248\" data-element_type=\"container\" data-e-type=\"container\">\n\t\t\t\t<div class=\"elementor-element elementor-element-4b5159e elementor-position-top elementor-widget elementor-widget-image-box\" data-id=\"4b5159e\" data-element_type=\"widget\" data-e-type=\"widget\" data-widget_type=\"image-box.default\">\n\t\t\t\t\t<div class=\"elementor-image-box-wrapper\"><figure class=\"elementor-image-box-img\"><a href=\"#\" tabindex=\"-1\"><img decoding=\"async\" src=\"https:\/\/016school.bbsw-worms.de\/wp-content\/uploads\/elementor\/thumbs\/emiliopatro24-coffee-2344797_1920-rjpsog8nrbv3riiyolgq1o7gtyn2lug87qufwcmw2k.jpg\" title=\"emiliopatro24-coffee-2344797_1920\" alt=\"emiliopatro24-coffee-2344797_1920\" class=\"elementor-animation-grow\" loading=\"lazy\" \/><\/a><\/figure><div class=\"elementor-image-box-content\"><h4 class=\"elementor-image-box-title\"><a href=\"#\">Barista-Kurse<\/a><\/h4><p class=\"elementor-image-box-description\">Lernen Sie vom Profi, wie Sie zu Hause den Perfekten Espresso oder Cappuccino zubereiten. <\/p><\/div><\/div>\t\t\t\t<\/div>\n\t\t\t\t<div class=\"elementor-element elementor-element-59c265c elementor-align-justify elementor-widget elementor-widget-button\" data-id=\"59c265c\" data-element_type=\"widget\" data-e-type=\"widget\" data-widget_type=\"button.default\">\n\t\t\t\t\t\t\t\t\t\t<a class=\"elementor-button elementor-button-link elementor-size-sm\" href=\"https:\/\/016school.bbsw-worms.de\/?page_id=991\">\n\t\t\t\t\t\t<span class=\"elementor-button-content-wrapper\">\n\t\t\t\t\t\t\t\t\t<span class=\"elementor-button-text\">Werde Barista<\/span>\n\t\t\t\t\t<\/span>\n\t\t\t\t\t<\/a>\n\t\t\t\t\t\t\t\t<\/div>\n\t\t\t\t<\/div>\n\t\t<div class=\"elementor-element elementor-element-955ddb0 e-con-full e-flex e-con e-child\" data-id=\"955ddb0\" data-element_type=\"container\" data-e-type=\"container\">\n\t\t\t\t<div class=\"elementor-element elementor-element-3300e9c elementor-position-top elementor-widget elementor-widget-image-box\" data-id=\"3300e9c\" data-element_type=\"widget\" data-e-type=\"widget\" data-widget_type=\"image-box.default\">\n\t\t\t\t\t<div class=\"elementor-image-box-wrapper\"><figure class=\"elementor-image-box-img\"><a href=\"#\" tabindex=\"-1\"><img decoding=\"async\" src=\"https:\/\/016school.bbsw-worms.de\/wp-content\/uploads\/elementor\/thumbs\/shopseranobakery-bread-bakery-delivery-5972714_1920-rjpt1osu0bzh9taqdtgknty60be60e0519lm7n0afw.jpg\" title=\"shopseranobakery-bread-bakery-delivery-5972714_1920\" alt=\"shopseranobakery-bread-bakery-delivery-5972714_1920\" class=\"elementor-animation-grow\" loading=\"lazy\" \/><\/a><\/figure><div class=\"elementor-image-box-content\"><h4 class=\"elementor-image-box-title\"><a href=\"#\">Abo-Service <\/a><\/h4><p class=\"elementor-image-box-description\">Nie wieder ohne Kaffee! Wie liefern Ihre Lieblingssorten bequem und regelm\u00e4\u00dfig direkt an Ihre Haust\u00fcr. <\/p><\/div><\/div>\t\t\t\t<\/div>\n\t\t\t\t<div class=\"elementor-element elementor-element-fab7021 elementor-align-justify elementor-widget elementor-widget-button\" data-id=\"fab7021\" data-element_type=\"widget\" data-e-type=\"widget\" data-widget_type=\"button.default\">\n\t\t\t\t\t\t\t\t\t\t<a class=\"elementor-button elementor-button-link elementor-size-sm\" href=\"https:\/\/016school.bbsw-worms.de\/?page_id=998\">\n\t\t\t\t\t\t<span class=\"elementor-button-content-wrapper\">\n\t\t\t\t\t\t\t\t\t<span class=\"elementor-button-text\">Abonnieren<\/span>\n\t\t\t\t\t<\/span>\n\t\t\t\t\t<\/a>\n\t\t\t\t\t\t\t\t<\/div>\n\t\t\t\t<\/div>\n\t\t<div class=\"elementor-element elementor-element-6dbedc4 e-con-full e-flex e-con e-child\" data-id=\"6dbedc4\" data-element_type=\"container\" data-e-type=\"container\">\n\t\t\t\t<div class=\"elementor-element elementor-element-0869e48 elementor-position-top elementor-widget elementor-widget-image-box\" data-id=\"0869e48\" data-element_type=\"widget\" data-e-type=\"widget\" data-widget_type=\"image-box.default\">\n\t\t\t\t\t<div class=\"elementor-image-box-wrapper\"><figure class=\"elementor-image-box-img\"><a href=\"#\" tabindex=\"-1\"><img decoding=\"async\" src=\"https:\/\/016school.bbsw-worms.de\/wp-content\/uploads\/elementor\/thumbs\/bbom100892-cafe-7454951_1920-rjptdsxy3gkiwvp7n1zgsrw1n3oh7y3ld8aww11m8s.jpg\" title=\"bbom100892-cafe-7454951_1920\" alt=\"bbom100892-cafe-7454951_1920\" class=\"elementor-animation-grow\" loading=\"lazy\" \/><\/a><\/figure><div class=\"elementor-image-box-content\"><h4 class=\"elementor-image-box-title\"><a href=\"#\">Firmen-Events <\/a><\/h4><p class=\"elementor-image-box-description\">Wir bringen das Cafe zu Ihnen- professionelles Catering f\u00fcr Ihre n\u00e4chste Veranstaltung oder Ihr B\u00fcro<\/p><\/div><\/div>\t\t\t\t<\/div>\n\t\t\t\t<div class=\"elementor-element elementor-element-27e294f elementor-align-justify elementor-widget elementor-widget-button\" data-id=\"27e294f\" data-element_type=\"widget\" data-e-type=\"widget\" data-widget_type=\"button.default\">\n\t\t\t\t\t\t\t\t\t\t<a class=\"elementor-button elementor-button-link elementor-size-sm\" href=\"https:\/\/016school.bbsw-worms.de\/?page_id=1006\">\n\t\t\t\t\t\t<span class=\"elementor-button-content-wrapper\">\n\t\t\t\t\t\t\t\t\t<span class=\"elementor-button-text\">F\u00fcr Event buchen<\/span>\n\t\t\t\t\t<\/span>\n\t\t\t\t\t<\/a>\n\t\t\t\t\t\t\t\t<\/div>\n\t\t\t\t<\/div>\n\t\t\t\t<\/div>\n\t\t\t\t<\/div>\n\t\t\t\t<\/div>\n\t\t","protected":false},"excerpt":{"rendered":"<p>Unsere Leistungen Bohne und Blatt f\u00fcr dich Frische R\u00f6stung Wir r\u00f6sten w\u00f6chentlich in kleinen Chargen direkt hier in Worms f\u00fcr maximales Aroma. Route zu uns Barista-Kurse Lernen Sie vom Profi, wie Sie zu Hause den Perfekten Espresso oder Cappuccino zubereiten. Werde Barista Abo-Service Nie wieder ohne Kaffee! Wie liefern Ihre Lieblingssorten bequem und regelm\u00e4\u00dfig direkt [&hellip;]<\/p>\n","protected":false},"author":2,"featured_media":0,"parent":0,"menu_order":0,"comment_status":"closed","ping_status":"closed","template":"","meta":{"footnotes":""},"class_list":["post-1081","page","type-page","status-publish","hentry"],"_links":{"self":[{"href":"https:\/\/016school.bbsw-worms.de\/index.php?rest_route=\/wp\/v2\/pages\/1081","targetHints":{"allow":["GET"]}}],"collection":[{"href":"https:\/\/016school.bbsw-worms.de\/index.php?rest_route=\/wp\/v2\/pages"}],"about":[{"href":"https:\/\/016school.bbsw-worms.de\/index.php?rest_route=\/wp\/v2\/types\/page"}],"author":[{"embeddable":true,"href":"https:\/\/016school.bbsw-worms.de\/index.php?rest_route=\/wp\/v2\/users\/2"}],"replies":[{"embeddable":true,"href":"https:\/\/016school.bbsw-worms.de\/index.php?rest_route=%2Fwp%2Fv2%2Fcomments&post=1081"}],"version-history":[{"count":3,"href":"https:\/\/016school.bbsw-worms.de\/index.php?rest_route=\/wp\/v2\/pages\/1081\/revisions"}],"predecessor-version":[{"id":1084,"href":"https:\/\/016school.bbsw-worms.de\/index.php?rest_route=\/wp\/v2\/pages\/1081\/revisions\/1084"}],"wp:attachment":[{"href":"https:\/\/016school.bbsw-worms.de\/index.php?rest_route=%2Fwp%2Fv2%2Fmedia&parent=1081"}],"curies":[{"name":"wp","href":"https:\/\/api.w.org\/{rel}","templated":true}]}}