{"id":1006,"date":"2026-03-06T13:32:11","date_gmt":"2026-03-06T12:32:11","guid":{"rendered":"https:\/\/016school.bbsw-worms.de\/?page_id=1006"},"modified":"2026-03-06T16:39:08","modified_gmt":"2026-03-06T15:39:08","slug":"firmen-events","status":"publish","type":"page","link":"https:\/\/016school.bbsw-worms.de\/?page_id=1006","title":{"rendered":"Firmen Events"},"content":{"rendered":"\t\t<div data-elementor-type=\"wp-page\" data-elementor-id=\"1006\" class=\"elementor elementor-1006\">\n\t\t\t\t<div class=\"elementor-element elementor-element-d61e464 e-flex e-con-boxed e-con e-parent\" data-id=\"d61e464\" data-element_type=\"container\" data-e-type=\"container\">\n\t\t\t\t\t<div class=\"e-con-inner\">\n\t\t\t\t<div class=\"elementor-element elementor-element-35ecccc elementor-widget elementor-widget-image\" data-id=\"35ecccc\" data-element_type=\"widget\" data-e-type=\"widget\" data-widget_type=\"image.default\">\n\t\t\t\t\t\t\t\t\t\t\t\t\t\t\t<img fetchpriority=\"high\" decoding=\"async\" width=\"800\" height=\"554\" src=\"https:\/\/016school.bbsw-worms.de\/wp-content\/uploads\/2026\/01\/pexels-photo-4940744-1024x709.jpeg\" class=\"attachment-large size-large wp-image-271\" alt=\"\" srcset=\"https:\/\/016school.bbsw-worms.de\/wp-content\/uploads\/2026\/01\/pexels-photo-4940744-1024x709.jpeg 1024w, https:\/\/016school.bbsw-worms.de\/wp-content\/uploads\/2026\/01\/pexels-photo-4940744-300x208.jpeg 300w, https:\/\/016school.bbsw-worms.de\/wp-content\/uploads\/2026\/01\/pexels-photo-4940744-768x532.jpeg 768w, https:\/\/016school.bbsw-worms.de\/wp-content\/uploads\/2026\/01\/pexels-photo-4940744.jpeg 1300w\" sizes=\"(max-width: 800px) 100vw, 800px\" \/>\t\t\t\t\t\t\t\t\t\t\t\t\t\t\t<\/div>\n\t\t\t\t<div class=\"elementor-element elementor-element-592f45e elementor-widget elementor-widget-heading\" data-id=\"592f45e\" data-element_type=\"widget\" data-e-type=\"widget\" data-widget_type=\"heading.default\">\n\t\t\t\t\t<h2 class=\"elementor-heading-title elementor-size-default\">Passt wie Milch und Schoko<\/h2>\t\t\t\t<\/div>\n\t\t\t\t<div class=\"elementor-element elementor-element-3e53a2b elementor-widget elementor-widget-heading\" data-id=\"3e53a2b\" data-element_type=\"widget\" data-e-type=\"widget\" data-widget_type=\"heading.default\">\n\t\t\t\t\t<h2 class=\"elementor-heading-title elementor-size-default\">Business-Events &amp; Kaffeecatering<\/h2>\t\t\t\t<\/div>\n\t\t\t\t<div class=\"elementor-element elementor-element-d60cc4d elementor-widget elementor-widget-button\" data-id=\"d60cc4d\" data-element_type=\"widget\" data-e-type=\"widget\" data-widget_type=\"button.default\">\n\t\t\t\t\t\t\t\t\t\t<a class=\"elementor-button elementor-button-link elementor-size-sm\" href=\"#eventformular\">\n\t\t\t\t\t\t<span class=\"elementor-button-content-wrapper\">\n\t\t\t\t\t\t\t\t\t<span class=\"elementor-button-text\">Direkt zum Formular<\/span>\n\t\t\t\t\t<\/span>\n\t\t\t\t\t<\/a>\n\t\t\t\t\t\t\t\t<\/div>\n\t\t\t\t<div class=\"elementor-element elementor-element-637a3ef elementor-widget elementor-widget-text-editor\" data-id=\"637a3ef\" data-element_type=\"widget\" data-e-type=\"widget\" data-widget_type=\"text-editor.default\">\n\t\t\t\t\t\t\t\t\t<p><span style=\"font-weight: 400;\">Bringen Sie frischen Wind in Ihr Team! Ob direkt in unserer R\u00f6sterei in Worms oder als mobiles Coffee-Bar-Catering bei Ihnen vor Ort \u2013 wir machen Ihr Event zum Genusserlebnis.<\/span><\/p><p><strong>Unsere Event-Formate<\/strong><\/p><ol><li><span style=\"font-weight: 400;\"> Das \u201eR\u00f6st-Erlebnis\u201c (Teambuilding)<\/span><\/li><\/ol><ul><li><span style=\"font-weight: 400;\"> Inhalt: Gemeinsames R\u00f6sten einer eigenen Firmen-Mischung unter Anleitung unseres R\u00f6stmeisters Lukas. Inklusive Verkostung und einer T\u00fcte der eigenen Mischung f\u00fcr jeden Mitarbeiter.<\/span><\/li><\/ul><p><span style=\"font-weight: 400;\">Bringen Sie Barista-Feeling direkt in Ihre Firma! Ob Jubil\u00e4um, Sommerfest oder Konferenz \u2013 unsere mobile Kaffeebar von Bohnen &amp; Blatt sorgt f\u00fcr den n\u00f6tigen Koffein-Kick und begeisterte G\u00e4ste. Wir kommen mit unserer professionellen Siebtr\u00e4germaschine und frisch ger\u00f6steten Bohnen aus Worms direkt zu Ihnen.<\/span><\/p><p><strong>Was wir bieten:<\/strong><\/p><ul><li><span style=\"font-weight: 400;\"> Full-Service-Catering: Wir bringen alles mit \u2013 von der Maschine \u00fcber das Porzellan bis hin zu Milchalternativen und Bio-Zucker.<\/span><\/li><li><span style=\"font-weight: 400;\"> Barista-Handwerk: Unsere Profis zaubern nicht nur perfekten Espresso, sondern auch kunstvolle Latte Art Herzen in jede Tasse.<\/span><\/li><li><span style=\"font-weight: 400;\"> Lokale Qualit\u00e4t: Wir verwenden ausschlie\u00dflich unsere eigenen, in Worms handger\u00f6steten Bohnen aus fairem Direkthandel.<\/span><\/li><li><span style=\"font-weight: 400;\"> Flexibilit\u00e4t: Unser kompaktes Bar-Modul passt in fast jedes Foyer und ben\u00f6tigt lediglich einen Standard-Stromanschluss.<\/span><\/li><\/ul><p><strong>Preise &amp; Pakete:<\/strong><\/p><ul><li><span style=\"font-weight: 400;\"> Halbtags-Pauschale (bis 4 Std.): 350,00 \u20ac inkl. 100 Getr\u00e4nken.<\/span><\/li><li><span style=\"font-weight: 400;\"> Ganztags-Pauschale (bis 8 Std.): 650,00 \u20ac inkl. unbegrenzter Getr\u00e4nkeanzahl.<\/span><\/li><li><span style=\"font-weight: 400;\"> Anfahrt im Stadtgebiet Worms kostenfrei.<\/span><\/li><\/ul>\t\t\t\t\t\t\t\t<\/div>\n\t\t<div class=\"elementor-element elementor-element-5b2cdb0 e-con-full e-flex e-con e-child\" data-id=\"5b2cdb0\" data-element_type=\"container\" data-e-type=\"container\">\n\t\t\t\t<div class=\"elementor-element elementor-element-3730d08 elementor-widget elementor-widget-heading\" data-id=\"3730d08\" data-element_type=\"widget\" data-e-type=\"widget\" data-widget_type=\"heading.default\">\n\t\t\t\t\t<h2 class=\"elementor-heading-title elementor-size-default\">Anfrageformular<\/h2>\t\t\t\t<\/div>\n\t\t\t\t<div class=\"elementor-element elementor-element-7fdb2d6 elementor-widget elementor-widget-text-editor\" data-id=\"7fdb2d6\" data-element_type=\"widget\" data-e-type=\"widget\" data-widget_type=\"text-editor.default\">\n\t\t\t\t\t\t\t\t\t<p>F\u00fclle dieses Formular aus und wir melden uns in K\u00fcrze bei dir<\/p>\t\t\t\t\t\t\t\t<\/div>\n\t\t\t\t<div class=\"elementor-element elementor-element-eeeb090 elementor-widget elementor-widget-wpforms\" data-id=\"eeeb090\" data-element_type=\"widget\" data-e-type=\"widget\" id=\"eventformular\" data-widget_type=\"wpforms.default\">\n\t\t\t\t<div class=\"elementor-widget-container\">\n\t\t\t\t\t<div class=\"wpforms-container wpforms-container-full wpforms-render-modern\" id=\"wpforms-1025\"><form id=\"wpforms-form-1025\" class=\"wpforms-validate wpforms-form wpforms-ajax-form\" data-formid=\"1025\" method=\"post\" enctype=\"multipart\/form-data\" action=\"\/index.php?rest_route=%2Fwp%2Fv2%2Fpages%2F1006\" data-token=\"5e40ca227421be6145d27f2ab3c38598\" data-token-time=\"1775303087\"><noscript class=\"wpforms-error-noscript\">Bitte aktiviere JavaScript in deinem Browser, um dieses Formular fertigzustellen.<\/noscript><div id=\"wpforms-error-noscript\" style=\"display: none;\">Bitte aktiviere JavaScript in deinem Browser, um dieses Formular fertigzustellen.<\/div><div class=\"wpforms-field-container\"><div id=\"wpforms-1025-field_4-container\" class=\"wpforms-field wpforms-field-text\" data-field-id=\"4\"><label class=\"wpforms-field-label\" for=\"wpforms-1025-field_4\">Firma <span class=\"wpforms-required-label\" aria-hidden=\"true\">*<\/span><\/label><input type=\"text\" id=\"wpforms-1025-field_4\" class=\"wpforms-field-medium wpforms-field-required\" name=\"wpforms[fields][4]\" aria-errormessage=\"wpforms-1025-field_4-error\" required><\/div><div id=\"wpforms-1025-field_1-container\" class=\"wpforms-field wpforms-field-name\" data-field-id=\"1\"><fieldset><legend class=\"wpforms-field-label\">Ansprechpartner <span class=\"wpforms-required-label\" aria-hidden=\"true\">*<\/span><\/legend><div class=\"wpforms-field-row wpforms-field-medium\"><div class=\"wpforms-field-row-block wpforms-first wpforms-one-half\"><input type=\"text\" id=\"wpforms-1025-field_1\" class=\"wpforms-field-name-first wpforms-field-required\" name=\"wpforms[fields][1][first]\" aria-errormessage=\"wpforms-1025-field_1-error\" required><label for=\"wpforms-1025-field_1\" class=\"wpforms-field-sublabel after\">Vorname<\/label><\/div><div class=\"wpforms-field-row-block wpforms-one-half\"><input type=\"text\" id=\"wpforms-1025-field_1-last\" class=\"wpforms-field-name-last wpforms-field-required\" name=\"wpforms[fields][1][last]\" aria-errormessage=\"wpforms-1025-field_1-last-error\" required><label for=\"wpforms-1025-field_1-last\" class=\"wpforms-field-sublabel after\">Nachname<\/label><\/div><\/div><\/fieldset><\/div>\t\t<div id=\"wpforms-1025-field_9-container\"\n\t\t\tclass=\"wpforms-field wpforms-field-text\"\n\t\t\tdata-field-type=\"text\"\n\t\t\tdata-field-id=\"9\"\n\t\t\t>\n\t\t\t<label class=\"wpforms-field-label\" for=\"wpforms-1025-field_9\" >Paket Personenanzahl Voraussichtliche<\/label>\n\t\t\t<input type=\"text\" id=\"wpforms-1025-field_9\" class=\"wpforms-field-medium\" name=\"wpforms[fields][9]\" >\n\t\t<\/div>\n\t\t<div id=\"wpforms-1025-field_2-container\" class=\"wpforms-field wpforms-field-email\" data-field-id=\"2\"><label class=\"wpforms-field-label\" for=\"wpforms-1025-field_2\">E-Mail-Adresse <span class=\"wpforms-required-label\" aria-hidden=\"true\">*<\/span><\/label><input type=\"email\" id=\"wpforms-1025-field_2\" class=\"wpforms-field-medium wpforms-field-required\" name=\"wpforms[fields][2]\" spellcheck=\"false\" aria-errormessage=\"wpforms-1025-field_2-error\" required><\/div><div id=\"wpforms-1025-field_5-container\" class=\"wpforms-field wpforms-field-text\" data-field-id=\"5\"><label class=\"wpforms-field-label\" for=\"wpforms-1025-field_5\">Event-Datum <span class=\"wpforms-required-label\" aria-hidden=\"true\">*<\/span><\/label><input type=\"text\" id=\"wpforms-1025-field_5\" class=\"wpforms-field-medium wpforms-field-required\" name=\"wpforms[fields][5]\" aria-errormessage=\"wpforms-1025-field_5-error\" required><\/div><div id=\"wpforms-1025-field_6-container\" class=\"wpforms-field wpforms-field-number\" data-field-id=\"6\"><label class=\"wpforms-field-label\" for=\"wpforms-1025-field_6\">Voraussichtliche Personenanzahl <span class=\"wpforms-required-label\" aria-hidden=\"true\">*<\/span><\/label><input type=\"number\" id=\"wpforms-1025-field_6\" class=\"wpforms-field-medium wpforms-field-required\" name=\"wpforms[fields][6]\" step=\"any\" aria-errormessage=\"wpforms-1025-field_6-error\" required><\/div><div id=\"wpforms-1025-field_7-container\" class=\"wpforms-field wpforms-field-select wpforms-field-select-style-classic\" data-field-id=\"7\"><label class=\"wpforms-field-label\" for=\"wpforms-1025-field_7\"> Gew\u00fcnschtes Paket <span class=\"wpforms-required-label\" aria-hidden=\"true\">*<\/span><\/label><select id=\"wpforms-1025-field_7\" class=\"wpforms-field-medium wpforms-field-required\" name=\"wpforms[fields][7]\" required=\"required\"><option value=\"\" class=\"placeholder\" disabled  selected='selected'>--- Auswahl treffen ---<\/option><option value=\"Halbtags-Pauschale\"  class=\"choice-1 depth-1\"  >Halbtags-Pauschale<\/option><option value=\"Ganztags-Pauschale\"  class=\"choice-2 depth-1\"  >Ganztags-Pauschale<\/option><option value=\"Individuelles Angebot gew\u00fcnscht\"  class=\"choice-3 depth-1\"  >Individuelles Angebot gew\u00fcnscht<\/option><\/select><\/div><div id=\"wpforms-1025-field_3-container\" class=\"wpforms-field wpforms-field-textarea\" data-field-id=\"3\"><label class=\"wpforms-field-label\" for=\"wpforms-1025-field_3\">Nachricht \/ Besondere W\u00fcnsche <\/label><textarea id=\"wpforms-1025-field_3\" class=\"wpforms-field-medium\" name=\"wpforms[fields][3]\" aria-errormessage=\"wpforms-1025-field_3-error\" ><\/textarea><\/div><div id=\"wpforms-1025-field_8-container\" class=\"wpforms-field wpforms-field-checkbox\" data-field-id=\"8\"><fieldset><legend class=\"wpforms-field-label\">Checkboxen <span class=\"wpforms-required-label\" aria-hidden=\"true\">*<\/span><\/legend><ul id=\"wpforms-1025-field_8\" class=\"wpforms-field-required\"><li class=\"choice-1 depth-1\"><input type=\"checkbox\" id=\"wpforms-1025-field_8_1\" name=\"wpforms[fields][8][]\" value=\"Ich stimme zu, dass meine Daten zur Bearbeitung dieser Anfrage gespeichert werden.\" aria-errormessage=\"wpforms-1025-field_8_1-error\" required ><label class=\"wpforms-field-label-inline\" for=\"wpforms-1025-field_8_1\">Ich stimme zu, dass meine Daten zur Bearbeitung dieser Anfrage gespeichert werden.<\/label><\/li><\/ul><\/fieldset><\/div><script>\n\t\t\t\t( function() {\n\t\t\t\t\tconst style = document.createElement( 'style' );\n\t\t\t\t\tstyle.appendChild( document.createTextNode( '#wpforms-1025-field_9-container { position: absolute !important; overflow: hidden !important; display: inline !important; height: 1px !important; width: 1px !important; z-index: -1000 !important; padding: 0 !important; } #wpforms-1025-field_9-container input { visibility: hidden; } #wpforms-conversational-form-page #wpforms-1025-field_9-container label { counter-increment: none; }' ) );\n\t\t\t\t\tdocument.head.appendChild( style );\n\t\t\t\t\tdocument.currentScript?.remove();\n\t\t\t\t} )();\n\t\t\t<\/script><\/div><!-- .wpforms-field-container --><div class=\"wpforms-submit-container\" ><input type=\"hidden\" name=\"wpforms[id]\" value=\"1025\"><input type=\"hidden\" name=\"page_title\" value=\"\"><input type=\"hidden\" name=\"page_url\" value=\"https:\/\/016school.bbsw-worms.de\/index.php?rest_route=\/wp\/v2\/pages\/1006\"><input type=\"hidden\" name=\"url_referer\" value=\"\"><button type=\"submit\" name=\"wpforms[submit]\" id=\"wpforms-submit-1025\" class=\"wpforms-submit\" data-alt-text=\"Wird gesendet\u00a0\u2026\" data-submit-text=\"Absenden\" aria-live=\"assertive\" value=\"wpforms-submit\">Absenden<\/button><img decoding=\"async\" src=\"https:\/\/016school.bbsw-worms.de\/wp-content\/plugins\/wpforms-lite\/assets\/images\/submit-spin.svg\" class=\"wpforms-submit-spinner\" style=\"display: none;\" width=\"26\" height=\"26\" alt=\"Wird geladen\"><\/div><\/form><\/div>  <!-- .wpforms-container -->\t\t\t\t<\/div>\n\t\t\t\t<\/div>\n\t\t\t\t<\/div>\n\t\t\t\t\t<\/div>\n\t\t\t\t<\/div>\n\t\t\t\t<\/div>\n\t\t","protected":false},"excerpt":{"rendered":"<p>Passt wie Milch und Schoko Business-Events &amp; Kaffeecatering Direkt zum Formular Bringen Sie frischen Wind in Ihr Team! Ob direkt in unserer R\u00f6sterei in Worms oder als mobiles Coffee-Bar-Catering bei Ihnen vor Ort \u2013 wir machen Ihr Event zum Genusserlebnis. Unsere Event-Formate Das \u201eR\u00f6st-Erlebnis\u201c (Teambuilding) Inhalt: Gemeinsames R\u00f6sten einer eigenen Firmen-Mischung unter Anleitung unseres R\u00f6stmeisters [&hellip;]<\/p>\n","protected":false},"author":2,"featured_media":0,"parent":0,"menu_order":0,"comment_status":"closed","ping_status":"closed","template":"","meta":{"footnotes":""},"class_list":["post-1006","page","type-page","status-publish","hentry"],"_links":{"self":[{"href":"https:\/\/016school.bbsw-worms.de\/index.php?rest_route=\/wp\/v2\/pages\/1006","targetHints":{"allow":["GET"]}}],"collection":[{"href":"https:\/\/016school.bbsw-worms.de\/index.php?rest_route=\/wp\/v2\/pages"}],"about":[{"href":"https:\/\/016school.bbsw-worms.de\/index.php?rest_route=\/wp\/v2\/types\/page"}],"author":[{"embeddable":true,"href":"https:\/\/016school.bbsw-worms.de\/index.php?rest_route=\/wp\/v2\/users\/2"}],"replies":[{"embeddable":true,"href":"https:\/\/016school.bbsw-worms.de\/index.php?rest_route=%2Fwp%2Fv2%2Fcomments&post=1006"}],"version-history":[{"count":10,"href":"https:\/\/016school.bbsw-worms.de\/index.php?rest_route=\/wp\/v2\/pages\/1006\/revisions"}],"predecessor-version":[{"id":1154,"href":"https:\/\/016school.bbsw-worms.de\/index.php?rest_route=\/wp\/v2\/pages\/1006\/revisions\/1154"}],"wp:attachment":[{"href":"https:\/\/016school.bbsw-worms.de\/index.php?rest_route=%2Fwp%2Fv2%2Fmedia&parent=1006"}],"curies":[{"name":"wp","href":"https:\/\/api.w.org\/{rel}","templated":true}]}}